{"id":1779,"date":"2024-07-05T14:04:51","date_gmt":"2024-07-05T12:04:51","guid":{"rendered":"https:\/\/halfmarathonmagaluf.com\/contacte\/"},"modified":"2026-01-29T08:30:52","modified_gmt":"2026-01-29T07:30:52","slug":"contacte","status":"publish","type":"page","link":"https:\/\/halfmarathonmagaluf.com\/ca\/contacte\/","title":{"rendered":"Contacte"},"content":{"rendered":"\n<main class=\"wp-block-group alignfull has-global-padding is-layout-constrained wp-block-group-is-layout-constrained\" style=\"margin-top:0px;margin-bottom:0px\">\n<div class=\"wp-block-cover alignfull\" style=\"padding-top:var(--wp--preset--spacing--40);padding-right:0;padding-bottom:var(--wp--preset--spacing--40);padding-left:0;min-height:450px;aspect-ratio:unset;\"><img data-recalc-dims=\"1\" decoding=\"async\" width=\"1024\" height=\"682\" data-attachment-id=\"3890\" data-permalink=\"https:\/\/halfmarathonmagaluf.com\/ca\/half-marathon-magaluf-233-2\/\" data-orig-file=\"https:\/\/i0.wp.com\/halfmarathonmagaluf.com\/wp-content\/uploads\/2025\/05\/half-marathon-magaluf-233.webp?fit=2000%2C1333&amp;ssl=1\" data-orig-size=\"2000,1333\" data-comments-opened=\"1\" data-image-meta=\"{&quot;aperture&quot;:&quot;0&quot;,&quot;credit&quot;:&quot;&quot;,&quot;camera&quot;:&quot;&quot;,&quot;caption&quot;:&quot;&quot;,&quot;created_timestamp&quot;:&quot;0&quot;,&quot;copyright&quot;:&quot;&quot;,&quot;focal_length&quot;:&quot;0&quot;,&quot;iso&quot;:&quot;0&quot;,&quot;shutter_speed&quot;:&quot;0&quot;,&quot;title&quot;:&quot;&quot;,&quot;orientation&quot;:&quot;0&quot;}\" data-image-title=\"half-marathon-magaluf-233\" data-image-description=\"\" data-image-caption=\"\" data-medium-file=\"https:\/\/i0.wp.com\/halfmarathonmagaluf.com\/wp-content\/uploads\/2025\/05\/half-marathon-magaluf-233.webp?fit=300%2C200&amp;ssl=1\" data-large-file=\"https:\/\/i0.wp.com\/halfmarathonmagaluf.com\/wp-content\/uploads\/2025\/05\/half-marathon-magaluf-233.webp?fit=1024%2C682&amp;ssl=1\" class=\"wp-block-cover__image-background wp-image-3890 size-large\" alt=\"\" src=\"https:\/\/i0.wp.com\/halfmarathonmagaluf.com\/wp-content\/uploads\/2025\/05\/half-marathon-magaluf-233.webp?resize=1024%2C682&#038;ssl=1\" style=\"object-position:45% 36%\" data-object-fit=\"cover\" data-object-position=\"45% 36%\" srcset=\"https:\/\/i0.wp.com\/halfmarathonmagaluf.com\/wp-content\/uploads\/2025\/05\/half-marathon-magaluf-233.webp?resize=1024%2C682&amp;ssl=1 1024w, https:\/\/i0.wp.com\/halfmarathonmagaluf.com\/wp-content\/uploads\/2025\/05\/half-marathon-magaluf-233.webp?resize=300%2C200&amp;ssl=1 300w, https:\/\/i0.wp.com\/halfmarathonmagaluf.com\/wp-content\/uploads\/2025\/05\/half-marathon-magaluf-233.webp?resize=768%2C512&amp;ssl=1 768w, https:\/\/i0.wp.com\/halfmarathonmagaluf.com\/wp-content\/uploads\/2025\/05\/half-marathon-magaluf-233.webp?resize=1536%2C1024&amp;ssl=1 1536w, https:\/\/i0.wp.com\/halfmarathonmagaluf.com\/wp-content\/uploads\/2025\/05\/half-marathon-magaluf-233.webp?w=2000&amp;ssl=1 2000w\" sizes=\"(max-width: 1000px) 100vw, 1000px\" \/><span aria-hidden=\"true\" class=\"wp-block-cover__background has-background-dim-20 has-background-dim\" style=\"background-color:#010101\"><\/span><div class=\"wp-block-cover__inner-container has-global-padding is-layout-constrained wp-container-core-cover-is-layout-38e92397 wp-block-cover-is-layout-constrained\">\n<div style=\"height:280px\" aria-hidden=\"true\" class=\"wp-block-spacer\"><\/div>\n<\/div><\/div>\n\n\n\n<div class=\"wp-block-group alignfull has-base-color has-text-color has-background has-link-color wp-elements-759d20a1206a5e79cfa37f6e6b574bca has-global-padding is-content-justification-center is-layout-constrained wp-container-core-group-is-layout-8e0ea242 wp-block-group-is-layout-constrained\" style=\"background-color:#3c9bab;margin-top:0;margin-bottom:0;padding-top:calc( 0.5 * var(--wp--style--root--padding-right, var(--wp--custom--gap--horizontal)));padding-right:var(--wp--style--root--padding-right, var(--wp--custom--gap--horizontal));padding-bottom:calc( 0.5 * var(--wp--style--root--padding-right, var(--wp--custom--gap--horizontal)));padding-left:var(--wp--style--root--padding-left, var(--wp--custom--gap--horizontal))\">\n<div style=\"height:2px\" aria-hidden=\"true\" class=\"wp-block-spacer\"><\/div>\n\n\n\n<div class=\"wp-block-group has-global-padding is-layout-constrained wp-block-group-is-layout-constrained\">\n<p class=\"has-text-align-center wp-block-paragraph\" style=\"font-size:clamp(26.465px, 1.654rem + ((1vw - 3.2px) * 2.439), 45px);\"><strong>Informaci\u00f3 de Contacte<\/strong><\/p>\n\n\n\n<p class=\"has-text-align-center wp-block-paragraph\">Gr\u00e0cies per visitar la nostra p\u00e0gina! Som aqu\u00ed per a ajudar-te i brindar-te la millor atenci\u00f3 possible. Pots comunicar-te amb nosaltres a trav\u00e9s dels mitjans de contacte que trobar\u00e0s a continuaci\u00f3.  <\/p>\n<\/div>\n\n\n\n<div style=\"height:0px\" aria-hidden=\"true\" class=\"wp-block-spacer\"><\/div>\n<\/div>\n\n\n\n<div class=\"wp-block-group alignfull has-global-padding is-content-justification-center is-layout-constrained wp-container-core-group-is-layout-b36a7844 wp-block-group-is-layout-constrained\" style=\"margin-top:0;margin-bottom:0;padding-top:calc( 0.5 * var(--wp--style--root--padding-right, var(--wp--custom--gap--horizontal)));padding-right:var(--wp--style--root--padding-right, var(--wp--custom--gap--horizontal));padding-bottom:calc( 0.5 * var(--wp--style--root--padding-right, var(--wp--custom--gap--horizontal)));padding-left:var(--wp--style--root--padding-left, var(--wp--custom--gap--horizontal))\">\n<div style=\"height:calc( 0.25 * var(--wp--style--root--padding-right, var(--wp--custom--gap--horizontal)))\" aria-hidden=\"true\" class=\"wp-block-spacer\"><\/div>\n\n\n\n<div class=\"wp-block-columns alignwide is-layout-flex wp-container-core-columns-is-layout-9ba6dbca wp-block-columns-is-layout-flex\">\n<div class=\"wp-block-column is-vertically-aligned-top is-layout-flow wp-block-column-is-layout-flow\" style=\"flex-basis:33.33%\">\n<div class=\"wp-block-group is-layout-flow wp-container-core-group-is-layout-2003d605 wp-block-group-is-layout-flow\">\n<p class=\"has-primary-color has-text-color has-link-color has-small-font-size wp-elements-dc8304fc06dae1f2c650b3569b5deeea wp-block-paragraph\" style=\"font-style:normal;font-weight:700;line-height:1.6\">Horari:<\/p>\n\n\n\n<p class=\"has-primary-color has-text-color has-link-color has-small-font-size wp-elements-35fcf457ad60903299db97a72d6885ad wp-block-paragraph\" style=\"font-style:normal;font-weight:700;line-height:1.6\">Dilluns a Divendres de 9 a 15 h<\/p>\n\n\n\n<div style=\"height:33px\" aria-hidden=\"true\" class=\"wp-block-spacer\"><\/div>\n\n\n\n<p class=\"has-primary-color has-text-color has-link-color has-small-font-size wp-elements-6f1f87d956e825392feb0768a2a7aab4 wp-block-paragraph\" style=\"font-style:normal;font-weight:700;line-height:1.6\">Tel\u00e8fon:<br><strong>971 67 03 10<\/strong><\/p>\n\n\n\n<div style=\"height:33px\" aria-hidden=\"true\" class=\"wp-block-spacer\"><\/div>\n\n\n\n<p class=\"has-primary-color has-text-color has-link-color has-small-font-size wp-elements-cb12b73bb74a88a2419fe93ae8dee72e wp-block-paragraph\" style=\"font-style:normal;font-weight:700;line-height:1.6\">Email:<\/p>\n\n\n\n<p class=\"has-primary-color has-text-color has-link-color has-small-font-size wp-elements-e9a4d414121c1e3d7ac5ddee25abd758 wp-block-paragraph\" style=\"font-style:normal;font-weight:700;line-height:1.6\"><a href=\"mailto:eventsice@calvia.com\">eventsice@calvia.com<\/a><\/p>\n\n\n\n<div style=\"height:33px\" aria-hidden=\"true\" class=\"wp-block-spacer\"><\/div>\n\n\n\n<p class=\"has-primary-color has-text-color has-link-color has-small-font-size wp-elements-0e2ee0071dbd3010c5fd4433b24e0765 wp-block-paragraph\" style=\"font-style:normal;font-weight:700;line-height:1.6\">Adre\u00e7a:<\/p>\n\n\n\n<p class=\"has-primary-color has-text-color has-link-color has-small-font-size wp-elements-0bc521f35ac83db84479b3fdbb5684ed wp-block-paragraph\" style=\"font-style:normal;font-weight:700;line-height:1.6\">Palau d\u2019esports de Calvi\u00e0 Melani Costa, C\/ Calvi\u00e0-Es Capdell\u00e0 S\/N, 07184<\/p>\n\n\n\n<div style=\"height:33px\" aria-hidden=\"true\" class=\"wp-block-spacer\"><\/div>\n\n\n\n<ul class=\"wp-block-social-links is-layout-flex wp-block-social-links-is-layout-flex\"><li class=\"wp-social-link wp-social-link-instagram  wp-block-social-link\"><a href=\"https:\/\/www.instagram.com\/halfmarathonmagaluf\/\" class=\"wp-block-social-link-anchor\"><svg width=\"24\" height=\"24\" viewBox=\"0 0 24 24\" version=\"1.1\" xmlns=\"http:\/\/www.w3.org\/2000\/svg\" aria-hidden=\"true\" focusable=\"false\"><path d=\"M12,4.622c2.403,0,2.688,0.009,3.637,0.052c0.877,0.04,1.354,0.187,1.671,0.31c0.42,0.163,0.72,0.358,1.035,0.673 c0.315,0.315,0.51,0.615,0.673,1.035c0.123,0.317,0.27,0.794,0.31,1.671c0.043,0.949,0.052,1.234,0.052,3.637 s-0.009,2.688-0.052,3.637c-0.04,0.877-0.187,1.354-0.31,1.671c-0.163,0.42-0.358,0.72-0.673,1.035 c-0.315,0.315-0.615,0.51-1.035,0.673c-0.317,0.123-0.794,0.27-1.671,0.31c-0.949,0.043-1.233,0.052-3.637,0.052 s-2.688-0.009-3.637-0.052c-0.877-0.04-1.354-0.187-1.671-0.31c-0.42-0.163-0.72-0.358-1.035-0.673 c-0.315-0.315-0.51-0.615-0.673-1.035c-0.123-0.317-0.27-0.794-0.31-1.671C4.631,14.688,4.622,14.403,4.622,12 s0.009-2.688,0.052-3.637c0.04-0.877,0.187-1.354,0.31-1.671c0.163-0.42,0.358-0.72,0.673-1.035 c0.315-0.315,0.615-0.51,1.035-0.673c0.317-0.123,0.794-0.27,1.671-0.31C9.312,4.631,9.597,4.622,12,4.622 M12,3 C9.556,3,9.249,3.01,8.289,3.054C7.331,3.098,6.677,3.25,6.105,3.472C5.513,3.702,5.011,4.01,4.511,4.511 c-0.5,0.5-0.808,1.002-1.038,1.594C3.25,6.677,3.098,7.331,3.054,8.289C3.01,9.249,3,9.556,3,12c0,2.444,0.01,2.751,0.054,3.711 c0.044,0.958,0.196,1.612,0.418,2.185c0.23,0.592,0.538,1.094,1.038,1.594c0.5,0.5,1.002,0.808,1.594,1.038 c0.572,0.222,1.227,0.375,2.185,0.418C9.249,20.99,9.556,21,12,21s2.751-0.01,3.711-0.054c0.958-0.044,1.612-0.196,2.185-0.418 c0.592-0.23,1.094-0.538,1.594-1.038c0.5-0.5,0.808-1.002,1.038-1.594c0.222-0.572,0.375-1.227,0.418-2.185 C20.99,14.751,21,14.444,21,12s-0.01-2.751-0.054-3.711c-0.044-0.958-0.196-1.612-0.418-2.185c-0.23-0.592-0.538-1.094-1.038-1.594 c-0.5-0.5-1.002-0.808-1.594-1.038c-0.572-0.222-1.227-0.375-2.185-0.418C14.751,3.01,14.444,3,12,3L12,3z M12,7.378 c-2.552,0-4.622,2.069-4.622,4.622S9.448,16.622,12,16.622s4.622-2.069,4.622-4.622S14.552,7.378,12,7.378z M12,15 c-1.657,0-3-1.343-3-3s1.343-3,3-3s3,1.343,3,3S13.657,15,12,15z M16.804,6.116c-0.596,0-1.08,0.484-1.08,1.08 s0.484,1.08,1.08,1.08c0.596,0,1.08-0.484,1.08-1.08S17.401,6.116,16.804,6.116z\"><\/path><\/svg><span class=\"wp-block-social-link-label screen-reader-text\">Instagram<\/span><\/a><\/li>\n\n<li class=\"wp-social-link wp-social-link-facebook  wp-block-social-link\"><a href=\"https:\/\/www.facebook.com\/maratonmagaluf\" class=\"wp-block-social-link-anchor\"><svg width=\"24\" height=\"24\" viewBox=\"0 0 24 24\" version=\"1.1\" xmlns=\"http:\/\/www.w3.org\/2000\/svg\" aria-hidden=\"true\" focusable=\"false\"><path d=\"M12 2C6.5 2 2 6.5 2 12c0 5 3.7 9.1 8.4 9.9v-7H7.9V12h2.5V9.8c0-2.5 1.5-3.9 3.8-3.9 1.1 0 2.2.2 2.2.2v2.5h-1.3c-1.2 0-1.6.8-1.6 1.6V12h2.8l-.4 2.9h-2.3v7C18.3 21.1 22 17 22 12c0-5.5-4.5-10-10-10z\"><\/path><\/svg><span class=\"wp-block-social-link-label screen-reader-text\">Facebook<\/span><\/a><\/li>\n\n<li class=\"wp-social-link wp-social-link-whatsapp  wp-block-social-link\"><a href=\"https:\/\/api.whatsapp.com\/send?phone=34689085378\" class=\"wp-block-social-link-anchor\"><svg width=\"24\" height=\"24\" viewBox=\"0 0 24 24\" version=\"1.1\" xmlns=\"http:\/\/www.w3.org\/2000\/svg\" aria-hidden=\"true\" focusable=\"false\"><path d=\"M 12.011719 2 C 6.5057187 2 2.0234844 6.478375 2.0214844 11.984375 C 2.0204844 13.744375 2.4814687 15.462563 3.3554688 16.976562 L 2 22 L 7.2324219 20.763672 C 8.6914219 21.559672 10.333859 21.977516 12.005859 21.978516 L 12.009766 21.978516 C 17.514766 21.978516 21.995047 17.499141 21.998047 11.994141 C 22.000047 9.3251406 20.962172 6.8157344 19.076172 4.9277344 C 17.190172 3.0407344 14.683719 2.001 12.011719 2 z M 12.009766 4 C 14.145766 4.001 16.153109 4.8337969 17.662109 6.3417969 C 19.171109 7.8517969 20.000047 9.8581875 19.998047 11.992188 C 19.996047 16.396187 16.413812 19.978516 12.007812 19.978516 C 10.674812 19.977516 9.3544062 19.642812 8.1914062 19.007812 L 7.5175781 18.640625 L 6.7734375 18.816406 L 4.8046875 19.28125 L 5.2851562 17.496094 L 5.5019531 16.695312 L 5.0878906 15.976562 C 4.3898906 14.768562 4.0204844 13.387375 4.0214844 11.984375 C 4.0234844 7.582375 7.6067656 4 12.009766 4 z M 8.4765625 7.375 C 8.3095625 7.375 8.0395469 7.4375 7.8105469 7.6875 C 7.5815469 7.9365 6.9355469 8.5395781 6.9355469 9.7675781 C 6.9355469 10.995578 7.8300781 12.182609 7.9550781 12.349609 C 8.0790781 12.515609 9.68175 15.115234 12.21875 16.115234 C 14.32675 16.946234 14.754891 16.782234 15.212891 16.740234 C 15.670891 16.699234 16.690438 16.137687 16.898438 15.554688 C 17.106437 14.971687 17.106922 14.470187 17.044922 14.367188 C 16.982922 14.263188 16.816406 14.201172 16.566406 14.076172 C 16.317406 13.951172 15.090328 13.348625 14.861328 13.265625 C 14.632328 13.182625 14.464828 13.140625 14.298828 13.390625 C 14.132828 13.640625 13.655766 14.201187 13.509766 14.367188 C 13.363766 14.534188 13.21875 14.556641 12.96875 14.431641 C 12.71875 14.305641 11.914938 14.041406 10.960938 13.191406 C 10.218937 12.530406 9.7182656 11.714844 9.5722656 11.464844 C 9.4272656 11.215844 9.5585938 11.079078 9.6835938 10.955078 C 9.7955938 10.843078 9.9316406 10.663578 10.056641 10.517578 C 10.180641 10.371578 10.223641 10.267562 10.306641 10.101562 C 10.389641 9.9355625 10.347156 9.7890625 10.285156 9.6640625 C 10.223156 9.5390625 9.737625 8.3065 9.515625 7.8125 C 9.328625 7.3975 9.131125 7.3878594 8.953125 7.3808594 C 8.808125 7.3748594 8.6425625 7.375 8.4765625 7.375 z\"><\/path><\/svg><span class=\"wp-block-social-link-label screen-reader-text\">WhatsApp<\/span><\/a><\/li><\/ul>\n<\/div>\n<\/div>\n\n\n\n<div class=\"wp-block-column is-layout-flow wp-block-column-is-layout-flow\" style=\"flex-basis:66.66%\">\n<div class=\"wp-block-jetpack-map\" data-map-id=\"jp-map-1\" data-map-provider=\"mapkit\" data-api-key=\"pk.eyJ1IjoiYXV0b21hdHRpYyIsImEiOiJjazVpZjA5aWswYTFvM21sOWtzNW1rNG9lIn0.Gu-sp4wRxnnQB-Qa8CpuZQ\" data-map-style=\"default\" data-blog-id=\"227922713\"><ul><li><a href=\"https:\/\/www.google.com\/maps\/search\/?api=1&amp;query=39.5126699,2.5325355\">Magaluf, Calvi\u00e0, Illes Balears, Espa\u00f1a<\/a><\/li><\/ul><\/div>\n<\/div>\n<\/div>\n\n\n\n<div style=\"height:13px\" aria-hidden=\"true\" class=\"wp-block-spacer\"><\/div>\n<\/div>\n\n\n\n<div class=\"wp-block-group alignfull has-global-padding is-content-justification-center is-layout-constrained wp-container-core-group-is-layout-8e0ea242 wp-block-group-is-layout-constrained\" style=\"margin-top:0;margin-bottom:0;padding-top:calc( 0.5 * var(--wp--style--root--padding-right, var(--wp--custom--gap--horizontal)));padding-right:var(--wp--style--root--padding-right, var(--wp--custom--gap--horizontal));padding-bottom:calc( 0.5 * var(--wp--style--root--padding-right, var(--wp--custom--gap--horizontal)));padding-left:var(--wp--style--root--padding-left, var(--wp--custom--gap--horizontal))\">\n<div style=\"height:calc( 0.25 * var(--wp--style--root--padding-right, var(--wp--custom--gap--horizontal)))\" aria-hidden=\"true\" class=\"wp-block-spacer\"><\/div>\n\n\n\n<div class=\"wp-block-columns alignwide is-layout-flex wp-container-core-columns-is-layout-1653e3f1 wp-block-columns-is-layout-flex\">\n<div class=\"wp-block-column is-layout-flow wp-block-column-is-layout-flow\" style=\"flex-basis:66.66%\"><div class=\"wp-block-jetpack-contact-form is-style-animated wp-elements-e6d1080c96c31ff898ef895e9c08ef8e\"><a href=\"https:\/\/halfmarathonmagaluf.com\/ca\/contacte\/\" target=\"_blank\" rel=\"noopener noreferrer\">Envia un formulari.<\/a><\/div><\/div>\n\n\n\n<div class=\"wp-block-column is-layout-flow wp-block-column-is-layout-flow\" style=\"flex-basis:33.33%\">\n<div class=\"wp-block-group is-vertical is-content-justification-left is-layout-flex wp-container-core-group-is-layout-2c98c5a9 wp-block-group-is-layout-flex\">\n<p class=\"has-contrast-color has-text-color has-link-color wp-elements-863a66aab8d61a9210f712a19d941ca1 wp-block-paragraph\">Contacti&#8217;ns en qualsevol moment, ens comprometem a respondre a totes les consultes en un termini m\u00e0xim de 24 hores laborables.<\/p>\n<\/div>\n<\/div>\n<\/div>\n\n\n\n<div style=\"height:calc( 0.25 * var(--wp--style--root--padding-right, var(--wp--custom--gap--horizontal)))\" aria-hidden=\"true\" class=\"wp-block-spacer\"><\/div>\n<\/div>\n<\/main>\n\n\n\n<p class=\"wp-block-paragraph\"><\/p>\n","protected":false},"excerpt":{"rendered":"<p>Informaci\u00f3 de Contacte Gr\u00e0cies per visitar la nostra p\u00e0gina! Som aqu\u00ed per a ajudar-te i brindar-te la millor atenci\u00f3 possible. Pots comunicar-te amb nosaltres a trav\u00e9s dels mitjans de contacte que trobar\u00e0s a continuaci\u00f3. Horari: Dilluns a Divendres de 9 a 15 h Tel\u00e8fon:971 67 03 10 Email: eventsice@calvia.com Adre\u00e7a: Palau d\u2019esports de Calvi\u00e0 Melani [&hellip;]<\/p>\n","protected":false},"author":235573868,"featured_media":0,"parent":0,"menu_order":0,"comment_status":"closed","ping_status":"closed","template":"","meta":{"_crdt_document":"","jetpack_post_was_ever_published":false,"footnotes":""},"class_list":["post-1779","page","type-page","status-publish","hentry"],"yoast_head":"<!-- This site is optimized with the Yoast SEO plugin v27.3 - https:\/\/yoast.com\/product\/yoast-seo-wordpress\/ -->\n<title>Contacte Half Marat\u00f3n de Magaluf<\/title>\n<meta name=\"description\" content=\"Half Marat\u00f3n de Magaluf - Contacte\" \/>\n<meta name=\"robots\" content=\"index, follow, max-snippet:-1, max-image-preview:large, max-video-preview:-1\" \/>\n<link rel=\"canonical\" href=\"https:\/\/halfmarathonmagaluf.com\/ca\/contacte\/\" \/>\n<meta property=\"og:locale\" content=\"ca_ES\" \/>\n<meta property=\"og:type\" content=\"article\" \/>\n<meta property=\"og:title\" content=\"Contacte Half Marat\u00f3n de Magaluf\" \/>\n<meta property=\"og:description\" content=\"Half Marat\u00f3n de Magaluf - Contacte\" \/>\n<meta property=\"og:url\" content=\"https:\/\/halfmarathonmagaluf.com\/ca\/contacte\/\" \/>\n<meta property=\"article:modified_time\" content=\"2026-01-29T07:30:52+00:00\" \/>\n<meta property=\"og:image\" content=\"https:\/\/halfmarathonmagaluf.com\/wp-content\/uploads\/2025\/05\/half-marathon-magaluf-233-1024x682.webp\" \/>\n<meta name=\"twitter:card\" content=\"summary_large_image\" \/>\n<meta name=\"twitter:label1\" content=\"Temps estimat de lectura\" \/>\n\t<meta name=\"twitter:data1\" content=\"1 minut\" \/>\n<script type=\"application\/ld+json\" class=\"yoast-schema-graph\">{\"@context\":\"https:\\\/\\\/schema.org\",\"@graph\":[{\"@type\":\"WebPage\",\"@id\":\"https:\\\/\\\/halfmarathonmagaluf.com\\\/ca\\\/contacte\\\/\",\"url\":\"https:\\\/\\\/halfmarathonmagaluf.com\\\/ca\\\/contacte\\\/\",\"name\":\"Contacte Half Marat\u00f3n de Magaluf\",\"isPartOf\":{\"@id\":\"https:\\\/\\\/halfmarathonmagaluf.com\\\/ca\\\/#website\"},\"primaryImageOfPage\":{\"@id\":\"https:\\\/\\\/halfmarathonmagaluf.com\\\/ca\\\/contacte\\\/#primaryimage\"},\"image\":{\"@id\":\"https:\\\/\\\/halfmarathonmagaluf.com\\\/ca\\\/contacte\\\/#primaryimage\"},\"thumbnailUrl\":\"https:\\\/\\\/halfmarathonmagaluf.com\\\/wp-content\\\/uploads\\\/2025\\\/05\\\/half-marathon-magaluf-233-1024x682.webp\",\"datePublished\":\"2024-07-05T12:04:51+00:00\",\"dateModified\":\"2026-01-29T07:30:52+00:00\",\"description\":\"Half Marat\u00f3n de Magaluf - Contacte\",\"breadcrumb\":{\"@id\":\"https:\\\/\\\/halfmarathonmagaluf.com\\\/ca\\\/contacte\\\/#breadcrumb\"},\"inLanguage\":\"ca\",\"potentialAction\":[{\"@type\":\"ReadAction\",\"target\":[\"https:\\\/\\\/halfmarathonmagaluf.com\\\/ca\\\/contacte\\\/\"]}]},{\"@type\":\"ImageObject\",\"inLanguage\":\"ca\",\"@id\":\"https:\\\/\\\/halfmarathonmagaluf.com\\\/ca\\\/contacte\\\/#primaryimage\",\"url\":\"https:\\\/\\\/halfmarathonmagaluf.com\\\/wp-content\\\/uploads\\\/2025\\\/05\\\/half-marathon-magaluf-233-1024x682.webp\",\"contentUrl\":\"https:\\\/\\\/halfmarathonmagaluf.com\\\/wp-content\\\/uploads\\\/2025\\\/05\\\/half-marathon-magaluf-233-1024x682.webp\"},{\"@type\":\"BreadcrumbList\",\"@id\":\"https:\\\/\\\/halfmarathonmagaluf.com\\\/ca\\\/contacte\\\/#breadcrumb\",\"itemListElement\":[{\"@type\":\"ListItem\",\"position\":1,\"name\":\"Portada\",\"item\":\"https:\\\/\\\/halfmarathonmagaluf.com\\\/ca\\\/\"},{\"@type\":\"ListItem\",\"position\":2,\"name\":\"Contacte\"}]},{\"@type\":\"WebSite\",\"@id\":\"https:\\\/\\\/halfmarathonmagaluf.com\\\/ca\\\/#website\",\"url\":\"https:\\\/\\\/halfmarathonmagaluf.com\\\/ca\\\/\",\"name\":\"Half Marathon Magaluf\",\"description\":\"Half Marathon Magaluf, la mejor Media marat\u00f3n en Mallorca. Disfruta de un lugar espectacular y servicios \u00fanicos, en dos distancias 10 y 21 km\",\"publisher\":{\"@id\":\"https:\\\/\\\/halfmarathonmagaluf.com\\\/ca\\\/#organization\"},\"alternateName\":\"Media marat\u00f3n Magaluf\",\"potentialAction\":[{\"@type\":\"SearchAction\",\"target\":{\"@type\":\"EntryPoint\",\"urlTemplate\":\"https:\\\/\\\/halfmarathonmagaluf.com\\\/ca\\\/?s={search_term_string}\"},\"query-input\":{\"@type\":\"PropertyValueSpecification\",\"valueRequired\":true,\"valueName\":\"search_term_string\"}}],\"inLanguage\":\"ca\"},{\"@type\":\"Organization\",\"@id\":\"https:\\\/\\\/halfmarathonmagaluf.com\\\/ca\\\/#organization\",\"name\":\"Half Marathon Magaluf\",\"url\":\"https:\\\/\\\/halfmarathonmagaluf.com\\\/ca\\\/\",\"logo\":{\"@type\":\"ImageObject\",\"inLanguage\":\"ca\",\"@id\":\"https:\\\/\\\/halfmarathonmagaluf.com\\\/ca\\\/#\\\/schema\\\/logo\\\/image\\\/\",\"url\":\"https:\\\/\\\/i0.wp.com\\\/halfmarathonmagaluf.com\\\/wp-content\\\/uploads\\\/2024\\\/01\\\/logo-hmm-blanco-23.png?fit=463%2C388&ssl=1\",\"contentUrl\":\"https:\\\/\\\/i0.wp.com\\\/halfmarathonmagaluf.com\\\/wp-content\\\/uploads\\\/2024\\\/01\\\/logo-hmm-blanco-23.png?fit=463%2C388&ssl=1\",\"width\":463,\"height\":388,\"caption\":\"Half Marathon Magaluf\"},\"image\":{\"@id\":\"https:\\\/\\\/halfmarathonmagaluf.com\\\/ca\\\/#\\\/schema\\\/logo\\\/image\\\/\"}}]}<\/script>\n<!-- \/ Yoast SEO plugin. -->","yoast_head_json":{"title":"Contacte Half Marat\u00f3n de Magaluf","description":"Half Marat\u00f3n de Magaluf - Contacte","robots":{"index":"index","follow":"follow","max-snippet":"max-snippet:-1","max-image-preview":"max-image-preview:large","max-video-preview":"max-video-preview:-1"},"canonical":"https:\/\/halfmarathonmagaluf.com\/ca\/contacte\/","og_locale":"ca_ES","og_type":"article","og_title":"Contacte Half Marat\u00f3n de Magaluf","og_description":"Half Marat\u00f3n de Magaluf - Contacte","og_url":"https:\/\/halfmarathonmagaluf.com\/ca\/contacte\/","article_modified_time":"2026-01-29T07:30:52+00:00","og_image":[{"url":"https:\/\/halfmarathonmagaluf.com\/wp-content\/uploads\/2025\/05\/half-marathon-magaluf-233-1024x682.webp","type":"","width":"","height":""}],"twitter_card":"summary_large_image","twitter_misc":{"Temps estimat de lectura":"1 minut"},"schema":{"@context":"https:\/\/schema.org","@graph":[{"@type":"WebPage","@id":"https:\/\/halfmarathonmagaluf.com\/ca\/contacte\/","url":"https:\/\/halfmarathonmagaluf.com\/ca\/contacte\/","name":"Contacte Half Marat\u00f3n de Magaluf","isPartOf":{"@id":"https:\/\/halfmarathonmagaluf.com\/ca\/#website"},"primaryImageOfPage":{"@id":"https:\/\/halfmarathonmagaluf.com\/ca\/contacte\/#primaryimage"},"image":{"@id":"https:\/\/halfmarathonmagaluf.com\/ca\/contacte\/#primaryimage"},"thumbnailUrl":"https:\/\/halfmarathonmagaluf.com\/wp-content\/uploads\/2025\/05\/half-marathon-magaluf-233-1024x682.webp","datePublished":"2024-07-05T12:04:51+00:00","dateModified":"2026-01-29T07:30:52+00:00","description":"Half Marat\u00f3n de Magaluf - Contacte","breadcrumb":{"@id":"https:\/\/halfmarathonmagaluf.com\/ca\/contacte\/#breadcrumb"},"inLanguage":"ca","potentialAction":[{"@type":"ReadAction","target":["https:\/\/halfmarathonmagaluf.com\/ca\/contacte\/"]}]},{"@type":"ImageObject","inLanguage":"ca","@id":"https:\/\/halfmarathonmagaluf.com\/ca\/contacte\/#primaryimage","url":"https:\/\/halfmarathonmagaluf.com\/wp-content\/uploads\/2025\/05\/half-marathon-magaluf-233-1024x682.webp","contentUrl":"https:\/\/halfmarathonmagaluf.com\/wp-content\/uploads\/2025\/05\/half-marathon-magaluf-233-1024x682.webp"},{"@type":"BreadcrumbList","@id":"https:\/\/halfmarathonmagaluf.com\/ca\/contacte\/#breadcrumb","itemListElement":[{"@type":"ListItem","position":1,"name":"Portada","item":"https:\/\/halfmarathonmagaluf.com\/ca\/"},{"@type":"ListItem","position":2,"name":"Contacte"}]},{"@type":"WebSite","@id":"https:\/\/halfmarathonmagaluf.com\/ca\/#website","url":"https:\/\/halfmarathonmagaluf.com\/ca\/","name":"Half Marathon Magaluf","description":"Half Marathon Magaluf, la mejor Media marat\u00f3n en Mallorca. Disfruta de un lugar espectacular y servicios \u00fanicos, en dos distancias 10 y 21 km","publisher":{"@id":"https:\/\/halfmarathonmagaluf.com\/ca\/#organization"},"alternateName":"Media marat\u00f3n Magaluf","potentialAction":[{"@type":"SearchAction","target":{"@type":"EntryPoint","urlTemplate":"https:\/\/halfmarathonmagaluf.com\/ca\/?s={search_term_string}"},"query-input":{"@type":"PropertyValueSpecification","valueRequired":true,"valueName":"search_term_string"}}],"inLanguage":"ca"},{"@type":"Organization","@id":"https:\/\/halfmarathonmagaluf.com\/ca\/#organization","name":"Half Marathon Magaluf","url":"https:\/\/halfmarathonmagaluf.com\/ca\/","logo":{"@type":"ImageObject","inLanguage":"ca","@id":"https:\/\/halfmarathonmagaluf.com\/ca\/#\/schema\/logo\/image\/","url":"https:\/\/i0.wp.com\/halfmarathonmagaluf.com\/wp-content\/uploads\/2024\/01\/logo-hmm-blanco-23.png?fit=463%2C388&ssl=1","contentUrl":"https:\/\/i0.wp.com\/halfmarathonmagaluf.com\/wp-content\/uploads\/2024\/01\/logo-hmm-blanco-23.png?fit=463%2C388&ssl=1","width":463,"height":388,"caption":"Half Marathon Magaluf"},"image":{"@id":"https:\/\/halfmarathonmagaluf.com\/ca\/#\/schema\/logo\/image\/"}}]}},"jetpack_likes_enabled":true,"jetpack_sharing_enabled":true,"jetpack_shortlink":"https:\/\/wp.me\/Pfql6N-sH","jetpack-related-posts":[],"_links":{"self":[{"href":"https:\/\/halfmarathonmagaluf.com\/ca\/wp-json\/wp\/v2\/pages\/1779","targetHints":{"allow":["GET"]}}],"collection":[{"href":"https:\/\/halfmarathonmagaluf.com\/ca\/wp-json\/wp\/v2\/pages"}],"about":[{"href":"https:\/\/halfmarathonmagaluf.com\/ca\/wp-json\/wp\/v2\/types\/page"}],"author":[{"embeddable":true,"href":"https:\/\/halfmarathonmagaluf.com\/ca\/wp-json\/wp\/v2\/users\/235573868"}],"replies":[{"embeddable":true,"href":"https:\/\/halfmarathonmagaluf.com\/ca\/wp-json\/wp\/v2\/comments?post=1779"}],"version-history":[{"count":5,"href":"https:\/\/halfmarathonmagaluf.com\/ca\/wp-json\/wp\/v2\/pages\/1779\/revisions"}],"predecessor-version":[{"id":6742,"href":"https:\/\/halfmarathonmagaluf.com\/ca\/wp-json\/wp\/v2\/pages\/1779\/revisions\/6742"}],"wp:attachment":[{"href":"https:\/\/halfmarathonmagaluf.com\/ca\/wp-json\/wp\/v2\/media?parent=1779"}],"curies":[{"name":"wp","href":"https:\/\/api.w.org\/{rel}","templated":true}]}}