{"id":995,"date":"2024-07-05T12:28:33","date_gmt":"2024-07-05T10:28:33","guid":{"rendered":"https:\/\/halfmarathonmagaluf.com\/cookies\/"},"modified":"2024-07-12T13:30:07","modified_gmt":"2024-07-12T11:30:07","slug":"cookies","status":"publish","type":"page","link":"https:\/\/halfmarathonmagaluf.com\/ca\/cookies\/","title":{"rendered":"Cookies"},"content":{"rendered":"\n<div class=\"wp-block-group alignfull has-base-color has-text-color has-background has-link-color wp-elements-841dff6d63aff1b62a3b7d1a7c283361 has-global-padding is-content-justification-center is-layout-constrained wp-container-core-group-is-layout-8e0ea242 wp-block-group-is-layout-constrained\" style=\"background-color:#3c9bab;margin-top:0;margin-bottom:0;padding-top:calc( 0.5 * var(--wp--style--root--padding-right, var(--wp--custom--gap--horizontal)));padding-right:var(--wp--style--root--padding-right, var(--wp--custom--gap--horizontal));padding-bottom:calc( 0.5 * var(--wp--style--root--padding-right, var(--wp--custom--gap--horizontal)));padding-left:var(--wp--style--root--padding-left, var(--wp--custom--gap--horizontal))\">\n<div style=\"height:2px\" aria-hidden=\"true\" class=\"wp-block-spacer\"><\/div>\n\n\n\n<div class=\"wp-block-group has-global-padding is-layout-constrained wp-block-group-is-layout-constrained\">\n<p class=\"has-text-align-center wp-block-paragraph\" style=\"font-size:clamp(26.465px, 1.654rem + ((1vw - 3.2px) * 2.439), 45px);\">Cookies<\/p>\n\n\n\n<p class=\"has-text-align-center wp-block-paragraph\">Half Marathon Magaluf<\/p>\n<\/div>\n\n\n\n<div style=\"height:0px\" aria-hidden=\"true\" class=\"wp-block-spacer\"><\/div>\n<\/div>\n\n<p class=\"wp-block-paragraph\"><strong>INFORMACI\u00d3 GENERAL<\/strong><\/p>\n\n<p class=\"wp-block-paragraph\">D&#8217;acord amb all\u00f2 establert per la Secretaria d&#8217;Estat de Telecomunicacions i per a la Societat de la Informaci\u00f3, dependent del Ministeri d&#8217;Ind\u00fastria, Energia i Turisme, amb car\u00e0cter general la LSSI no s&#8217;aplica a l&#8217;\u00e0mbit de les Administracions P\u00fabliques, ja que aquestes no tenen el car\u00e0cter de prestadors de serveis de la societat de la informaci\u00f3 definit a l&#8217;annex. \u00danicament els ser\u00e0 aplicable la LSSI si lactivitat de lAdministraci\u00f3 tingu\u00e9s un car\u00e0cter econ\u00f2mic.<br\/>No obstant aix\u00f2, s&#8217;ofereix informaci\u00f3 relativa a la instal\u00b7laci\u00f3 de cookies a l&#8217;equip d&#8217;usuari:<\/p>\n\n<details class=\"wp-block-details is-layout-flow wp-block-details-is-layout-flow\"><summary>QU\u00c8 \u00c9S UNA COOKIE I PER A QU\u00c8 S&#8217;UTILITZEN?<\/summary>\n<p class=\"wp-block-paragraph\">Les cookies s\u00f3n petits fitxers de text que els llocs web poden col\u00b7locar al dispositiu (PC, Smartphone, Tableta, Smart TV etc.) que s&#8217;utilitza per accedir al lloc web, o al navegador emprat per l&#8217;usuari. Aquest fitxer cont\u00e9 informaci\u00f3 sobre les p\u00e0gines que s&#8217;han visitat en aquest lloc, cosa que permet recordar les prefer\u00e8ncies de navegaci\u00f3 per tal que la propera vegada que es visiti el lloc web la navegaci\u00f3 sigui m\u00e9s \u00e0gil, recorrent a la informaci\u00f3 continguda en aquest fitxer . De la mateixa manera, a trav\u00e9s de les galetes es pot recopilar informaci\u00f3 estad\u00edstica an\u00f2nima, o assegurar que les p\u00e0gines web funcionin de manera correcta.<\/p>\n<\/details>\n\n<details class=\"wp-block-details is-layout-flow wp-block-details-is-layout-flow\"><summary>COOKIES UTILITZADES EN AQUEST LLOC WEB<\/summary>\n<p class=\"wp-block-paragraph\">En aquest apartat t&#8217;expliquem quins tipus de cookies hi ha i quins estem utilitzant en aquesta web.<\/p>\n<\/details>\n\n<details class=\"wp-block-details is-layout-flow wp-block-details-is-layout-flow\"><summary>COOKIES NECESS\u00c0RIES<\/summary>\n<p class=\"wp-block-paragraph\">Aquestes galetes s\u00f3n necess\u00e0ries perqu\u00e8 aquest lloc web funcioni correctament i no es poden desactivar a trav\u00e9s del panell de configuraci\u00f3 de galetes d&#8217;aquest lloc web o en accedir o utilitzar certs serveis o funcionalitats. Si aquestes galetes es desactiven pot afectar el funcionament correcte del lloc web.<\/p>\n\n\n\n<figure class=\"wp-block-table\"><table class=\"has-fixed-layout\"><thead><tr><th>Cookie<\/th><th>Durada<\/th><th>Descripci\u00f3<\/th><\/tr><\/thead><tbody><tr><td>cookielawinfo-checkbox-advertisement<\/td><td>1 year<\/td><td>La galeta s&#8217;instal\u00b7la per part del plug in GDPR Cookie Consent per registrar el consentiment de l&#8217;usuari per a les galetes a la categoria &#8220;Publicitat&#8221;.<\/td><\/tr><tr><td>cookielawinfo-checkbox-analytics<\/td><td>1 year<\/td><td>Aquesta galeta s&#8217;instal\u00b7la per part del plug in GDPR Cookie Consent. La galeta s&#8217;utilitza per recordar el consentiment de l&#8217;usuari per a les galetes de la categoria &#8220;Analytics&#8221;.<\/td><\/tr><tr><td>cookielawinfo-checkbox-necessary<\/td><td>1 year<\/td><td>Aquesta galeta s&#8217;instal\u00b7la per part del plug-in de wordpress GDPR Cookie consent. Les galetes s&#8217;utilitzen per emmagatzemar el consentiment de l&#8217;usuari per a les galetes de la categoria &#8220;Necess\u00e0ria&#8221;.<\/td><\/tr><tr><td>cookielawinfo-checkbox-performance<\/td><td>1 year<\/td><td>Aquesta galeta s&#8217;instal\u00b7la per part del plug-in de wordpress GDPR Cookie Consent. La galeta s&#8217;utilitza per emmagatzemar el consentiment de l&#8217;usuari per a les galetes de la categoria &#8220;Rendiment&#8221;.<\/td><\/tr><\/tbody><\/table><\/figure>\n\n\n\n<p class=\"wp-block-paragraph\"><\/p>\n<\/details>\n\n<details class=\"wp-block-details is-layout-flow wp-block-details-is-layout-flow\"><summary>COOKIES DE PREFER\u00c8NCIES O PERSONALITZACI\u00d3<\/summary>\n<p class=\"wp-block-paragraph\">Aquest tipus de galetes permeten recordar les caracter\u00edstiques de les opcions seleccionades per la persona usu\u00e0ria i aix\u00ed diferenciar la seva experi\u00e8ncia de la d&#8217;altres persones, com ara la configuraci\u00f3 de l&#8217;idioma o el tipus de navegador utilitzat.<\/p>\n\n\n\n<figure class=\"wp-block-table\"><table class=\"has-fixed-layout\"><thead><tr><th>Cookie<\/th><th>Durada<\/th><th>Descripci\u00f3<\/th><\/tr><\/thead><tbody><tr><td>YSC<\/td><td>sessi\u00f3<\/td><td>Aquesta galeta la instal\u00b7la Youtube i s&#8217;utilitza per fer un seguiment de les visualitzacions dels v\u00eddeos incrustats. Per a m\u00e9s informaci\u00f3 sobre Youtube i GDRP clica <a href=\"https:\/\/policies.google.com\/technologies\/cookies?hl=en\">aqu\u00ed<\/a><\/td><\/tr><\/tbody><\/table><\/figure>\n\n\n\n<p class=\"wp-block-paragraph\"><\/p>\n<\/details>\n\n<details class=\"wp-block-details is-layout-flow wp-block-details-is-layout-flow\"><summary>COOKIES D&#8217;AN\u00c0LISI<\/summary>\n<p class=\"wp-block-paragraph\">Aquest tipus de cookies tamb\u00e9 conegudes com a anal\u00edtiques, permeten a mesurar l&#8217;activitat, usos i accessos als diferents continguts i serveis disponibles per introduir millores o nous serveis.<\/p>\n\n\n\n<figure class=\"wp-block-table\"><table class=\"has-fixed-layout\"><thead><tr><th>Cookie<\/th><th>Durada<\/th><th>Descripci\u00f3<\/th><\/tr><\/thead><tbody><tr><td>_ga<\/td><td>2 years<\/td><td>Aquesta cookie \u00e9s instal\u00b7lada per Google Analytics. La galeta s&#8217;utilitza per calcular les dades dels visitants, la sessi\u00f3 i les campanyes. Sutilitza per obtenir informes i dades seguiment de l\u00fas del lloc. Les cookies emmagatzemen la informaci\u00f3 de forma an\u00f2nima i assignen un n\u00famero generat aleat\u00f2riament per identificar els visitants \u00fanics. M\u00e9s informaci\u00f3 sobre Google Analytics i el GDPR <a href=\"https:\/\/policies.google.com\/technologies\/cookies?hl=en\">aqu\u00ed<\/a><\/td><\/tr><tr><td>_gat_gtag_UA_143834261_1<\/td><td>1 minut<\/td><td>Aquesta galeta de Google Analytics \u00e9s d&#8217;an\u00e0lisi i serveix per mesurar com interactuen els usuaris amb la nostra p\u00e0gina web.<\/td><\/tr><tr><td>_gid<\/td><td>1 day<\/td><td>Aquesta cookie \u00e9s instal\u00b7lada per Google Analytics. La galeta es fa servir per emmagatzemar informaci\u00f3 sobre l&#8217;\u00fas que fan els visitants d&#8217;un lloc web i ajuda a crear un informe anal\u00edtic sobre el funcionament del lloc web. Les dades recollides inclouen el nombre de visitants, la font de qu\u00e8 procedeixen i les p\u00e0gines visitades de forma an\u00f2nima. M\u00e9s informaci\u00f3 sobre Google analytics i la GDRP <a href=\"https:\/\/policies.google.com\/technologies\/cookies?hl=en\">aqu\u00ed<\/a><\/td><\/tr><\/tbody><\/table><\/figure>\n\n\n\n<p class=\"wp-block-paragraph\"><\/p>\n<\/details>\n\n<details class=\"wp-block-details is-layout-flow wp-block-details-is-layout-flow\"><summary>COOKIES DE PUBLICITAT I COMPORTAMENTALS<\/summary>\n<p class=\"wp-block-paragraph\">Aquestes galetes emmagatzemen informaci\u00f3 sobre el comportament de les persones usu\u00e0ries d&#8217;aquest lloc web obtinguda a trav\u00e9s de l&#8217;observaci\u00f3 continuada dels seus h\u00e0bits de navegaci\u00f3 per desenvolupar un perfil espec\u00edfic per oferir publicitat, serveis i informacions personalitzades en funci\u00f3 del mateix.<\/p>\n\n\n\n<figure class=\"wp-block-table\"><table class=\"has-fixed-layout\"><thead><tr><th>Cookie<\/th><th>Durada<\/th><th>Descripci\u00f3<\/th><\/tr><\/thead><tbody><tr><td>_fbp<\/td><td>3 months<\/td><td>Aquesta galeta \u00e9s instal\u00b7lada per Facebook per incloure publicitat associada quan l&#8217;usuari entra a Facebook o en una plataforma digital amb publicitat de Facebook despr\u00e9s de visitar aquest lloc web. M\u00e9s informaci\u00f3 sobre Facebook i GDRP <a href=\"https:\/\/www.facebook.com\/business\/gdpr\">aqu\u00ed<\/a><\/td><\/tr><tr><td>fr<\/td><td>3 months<\/td><td>La galeta \u00e9s instal\u00b7lada per Facebook per mostrar anuncis rellevants als usuaris i mesurar i millorar els anuncis. La galeta tamb\u00e9 rastreja el comportament de l&#8217;usuari a trav\u00e9s de la web als llocs que tenen el p\u00edxel de Facebook o el plugin social de Facebook. M\u00e9s informaci\u00f3 sobre Facebook i GDRP <a href=\"https:\/\/www.facebook.com\/business\/gdpr\">aqu\u00ed<\/a><\/td><\/tr><tr><td>IDE<\/td><td>1 year 24 days<\/td><td>Cookie instal\u00b7lada per Google DoubleClick que emmagatzema informaci\u00f3 sobre l\u00fas que lusuari fa del lloc web i concretament sobre els anuncis. S&#8217;utilitza per presentar als usuaris anuncis que siguin rellevants per a ells segons el perfil. M\u00e9s informaci\u00f3 sobre Google Doubleclick i GDPR <a href=\"https:\/\/support.google.com\/admanager\/answer\/7666366?hl=en\">aqu\u00ed<\/a><\/td><\/tr><tr><td>test_cookie<\/td><td>15 minuts<\/td><td>Aquesta galeta \u00e9s establerta per google doubleclick.net. La finalitat de la galeta \u00e9s determinar si el navegador de l&#8217;usuari admet galetes. M\u00e9s informaci\u00f3 sobre Doubleclik i la GDRP aqu\u00ed<\/td><\/tr><tr><td>VISITOR_INFO1_LIVE<\/td><td>5 months 27 days<\/td><td>Aquesta cookie ha instal\u00b7lat per Youtube. Sutilitza per rastrejar la informaci\u00f3 dels v\u00eddeos de YouTube incrustats en un lloc web. Per a m\u00e9s informaci\u00f3 sobre Youtube i GDRP clica <a href=\"https:\/\/policies.google.com\/technologies\/cookies?hl=en\">aqu\u00ed<\/a><\/td><\/tr><\/tbody><\/table><\/figure>\n\n\n\n<p class=\"wp-block-paragraph\"><\/p>\n<\/details>\n\n<details class=\"wp-block-details is-layout-flow wp-block-details-is-layout-flow\"><summary>COM DESACTIVAR O GESTIONAR LES COOKIES D&#8217;AQUESTA WEB?<\/summary>\n<p class=\"wp-block-paragraph\">L&#8217;usuari\/\u00e0ria que no vulgui que aquest web instal\u00b7li galetes als seus equips, haur\u00e0 d&#8217;adaptar el seu navegador de manera que aquest us avisi abans de descarregar-se qualsevol galeta.<br\/>Tamb\u00e9 \u00e9s possible configurar el navegador per tal que per norma rebutgi totes les galetes o \u00fanicament les galetes de tercers.<br\/>Finalment, tamb\u00e9 \u00e9s possible eliminar les cookies que ja es trobin al vostre equip.<br\/>maratonmagaluf.com i la Fundaci\u00f3 Calvi\u00e0 posen a la teva disposici\u00f3 enlla\u00e7os a la informaci\u00f3 dels principals navegadors sobre com gestionar i desactivar les galetes:<\/p>\n\n\n\n<p class=\"wp-block-paragraph\"><strong><a href=\"https:\/\/support.google.com\/chrome\/answer\/95647?hl=es-419\">Google Chrome<\/a><\/strong> | <strong><a href=\"https:\/\/support.microsoft.com\/es-es\/help\/17442\/windows-internet-explorer-delete-manage-cookies#ie=ie-10\">Internet Explorer<\/a><\/strong> | <strong><a href=\"https:\/\/support.mozilla.org\/es\/kb\/habilitar-y-deshabilitar-cookies-sitios-web-rastrear-preferencias?redirectlocale=es&amp;redirectslug=habilitar-y-deshabilitar-cookies-que-los-sitios-we\">Mozilla Firefox<\/a><\/strong> | <strong><a href=\"https:\/\/support.apple.com\/es-lamr\/HT201265\">Apple Safari<\/a><\/strong><\/p>\n<\/details>\n\n<p class=\"wp-block-paragraph\"><\/p>\n\n<p class=\"wp-block-paragraph\"><span style=\"font-weight: 400;\"><em>L&#8217;organitzaci\u00f3<\/em><\/span><\/p>\n","protected":false},"excerpt":{"rendered":"<p>Cookies Half Marathon Magaluf INFORMACI\u00d3 GENERAL D&#8217;acord amb all\u00f2 establert per la Secretaria d&#8217;Estat de Telecomunicacions i per a la Societat de la Informaci\u00f3, dependent del Ministeri d&#8217;Ind\u00fastria, Energia i Turisme, amb car\u00e0cter general la LSSI no s&#8217;aplica a l&#8217;\u00e0mbit de les Administracions P\u00fabliques, ja que aquestes no tenen el car\u00e0cter de prestadors de serveis [&hellip;]<\/p>\n","protected":false},"author":235573868,"featured_media":0,"parent":0,"menu_order":0,"comment_status":"closed","ping_status":"closed","template":"","meta":{"_crdt_document":"","footnotes":""},"class_list":["post-995","page","type-page","status-publish","hentry"],"yoast_head":"<!-- This site is optimized with the Yoast SEO plugin v27.4 - https:\/\/yoast.com\/product\/yoast-seo-wordpress\/ -->\n<title>Cookies - mitja marat\u00f3 Magaluf (Mallorca)<\/title>\n<meta name=\"robots\" content=\"index, follow, max-snippet:-1, max-image-preview:large, max-video-preview:-1\" \/>\n<link rel=\"canonical\" href=\"https:\/\/halfmarathonmagaluf.com\/ca\/cookies\/\" \/>\n<meta property=\"og:locale\" content=\"ca_ES\" \/>\n<meta property=\"og:type\" content=\"article\" \/>\n<meta property=\"og:title\" content=\"Cookies - mitja marat\u00f3 Magaluf (Mallorca)\" \/>\n<meta property=\"og:description\" content=\"Cookies Half Marathon Magaluf INFORMACI\u00d3 GENERAL D&#8217;acord amb all\u00f2 establert per la Secretaria d&#8217;Estat de Telecomunicacions i per a la Societat de la Informaci\u00f3, dependent del Ministeri d&#8217;Ind\u00fastria, Energia i Turisme, amb car\u00e0cter general la LSSI no s&#8217;aplica a l&#8217;\u00e0mbit de les Administracions P\u00fabliques, ja que aquestes no tenen el car\u00e0cter de prestadors de serveis [&hellip;]\" \/>\n<meta property=\"og:url\" content=\"https:\/\/halfmarathonmagaluf.com\/ca\/cookies\/\" \/>\n<meta property=\"article:modified_time\" content=\"2024-07-12T11:30:07+00:00\" \/>\n<meta property=\"og:image\" content=\"https:\/\/i0.wp.com\/halfmarathonmagaluf.com\/wp-content\/uploads\/2024\/06\/home-hmm-slider-01.webp?fit=1920%2C1080&ssl=1\" \/>\n\t<meta property=\"og:image:width\" content=\"1920\" \/>\n\t<meta property=\"og:image:height\" content=\"1080\" \/>\n\t<meta property=\"og:image:type\" content=\"image\/webp\" \/>\n<meta name=\"twitter:card\" content=\"summary_large_image\" \/>\n<meta name=\"twitter:label1\" content=\"Temps estimat de lectura\" \/>\n\t<meta name=\"twitter:data1\" content=\"5 minuts\" \/>\n<script type=\"application\/ld+json\" class=\"yoast-schema-graph\">{\"@context\":\"https:\\\/\\\/schema.org\",\"@graph\":[{\"@type\":\"WebPage\",\"@id\":\"https:\\\/\\\/halfmarathonmagaluf.com\\\/ca\\\/cookies\\\/\",\"url\":\"https:\\\/\\\/halfmarathonmagaluf.com\\\/ca\\\/cookies\\\/\",\"name\":\"Cookies - mitja marat\u00f3 Magaluf (Mallorca)\",\"isPartOf\":{\"@id\":\"https:\\\/\\\/halfmarathonmagaluf.com\\\/ca\\\/#website\"},\"datePublished\":\"2024-07-05T10:28:33+00:00\",\"dateModified\":\"2024-07-12T11:30:07+00:00\",\"breadcrumb\":{\"@id\":\"https:\\\/\\\/halfmarathonmagaluf.com\\\/ca\\\/cookies\\\/#breadcrumb\"},\"inLanguage\":\"ca\",\"potentialAction\":[{\"@type\":\"ReadAction\",\"target\":[\"https:\\\/\\\/halfmarathonmagaluf.com\\\/ca\\\/cookies\\\/\"]}]},{\"@type\":\"BreadcrumbList\",\"@id\":\"https:\\\/\\\/halfmarathonmagaluf.com\\\/ca\\\/cookies\\\/#breadcrumb\",\"itemListElement\":[{\"@type\":\"ListItem\",\"position\":1,\"name\":\"Portada\",\"item\":\"https:\\\/\\\/halfmarathonmagaluf.com\\\/ca\\\/\"},{\"@type\":\"ListItem\",\"position\":2,\"name\":\"Cookies\"}]},{\"@type\":\"WebSite\",\"@id\":\"https:\\\/\\\/halfmarathonmagaluf.com\\\/ca\\\/#website\",\"url\":\"https:\\\/\\\/halfmarathonmagaluf.com\\\/ca\\\/\",\"name\":\"Half Marathon Magaluf\",\"description\":\"Half Marathon Magaluf, la mejor Media marat\u00f3n en Mallorca. Disfruta de un lugar espectacular y servicios \u00fanicos, en dos distancias 10 y 21 km\",\"publisher\":{\"@id\":\"https:\\\/\\\/halfmarathonmagaluf.com\\\/ca\\\/#organization\"},\"alternateName\":\"Media marat\u00f3n Magaluf\",\"potentialAction\":[{\"@type\":\"SearchAction\",\"target\":{\"@type\":\"EntryPoint\",\"urlTemplate\":\"https:\\\/\\\/halfmarathonmagaluf.com\\\/ca\\\/?s={search_term_string}\"},\"query-input\":{\"@type\":\"PropertyValueSpecification\",\"valueRequired\":true,\"valueName\":\"search_term_string\"}}],\"inLanguage\":\"ca\"},{\"@type\":\"Organization\",\"@id\":\"https:\\\/\\\/halfmarathonmagaluf.com\\\/ca\\\/#organization\",\"name\":\"Half Marathon Magaluf\",\"url\":\"https:\\\/\\\/halfmarathonmagaluf.com\\\/ca\\\/\",\"logo\":{\"@type\":\"ImageObject\",\"inLanguage\":\"ca\",\"@id\":\"https:\\\/\\\/halfmarathonmagaluf.com\\\/ca\\\/#\\\/schema\\\/logo\\\/image\\\/\",\"url\":\"https:\\\/\\\/i0.wp.com\\\/halfmarathonmagaluf.com\\\/wp-content\\\/uploads\\\/2024\\\/01\\\/logo-hmm-blanco-23.png?fit=463%2C388&ssl=1\",\"contentUrl\":\"https:\\\/\\\/i0.wp.com\\\/halfmarathonmagaluf.com\\\/wp-content\\\/uploads\\\/2024\\\/01\\\/logo-hmm-blanco-23.png?fit=463%2C388&ssl=1\",\"width\":463,\"height\":388,\"caption\":\"Half Marathon Magaluf\"},\"image\":{\"@id\":\"https:\\\/\\\/halfmarathonmagaluf.com\\\/ca\\\/#\\\/schema\\\/logo\\\/image\\\/\"}}]}<\/script>\n<!-- \/ Yoast SEO plugin. -->","yoast_head_json":{"title":"Cookies - mitja marat\u00f3 Magaluf (Mallorca)","robots":{"index":"index","follow":"follow","max-snippet":"max-snippet:-1","max-image-preview":"max-image-preview:large","max-video-preview":"max-video-preview:-1"},"canonical":"https:\/\/halfmarathonmagaluf.com\/ca\/cookies\/","og_locale":"ca_ES","og_type":"article","og_title":"Cookies - mitja marat\u00f3 Magaluf (Mallorca)","og_description":"Cookies Half Marathon Magaluf INFORMACI\u00d3 GENERAL D&#8217;acord amb all\u00f2 establert per la Secretaria d&#8217;Estat de Telecomunicacions i per a la Societat de la Informaci\u00f3, dependent del Ministeri d&#8217;Ind\u00fastria, Energia i Turisme, amb car\u00e0cter general la LSSI no s&#8217;aplica a l&#8217;\u00e0mbit de les Administracions P\u00fabliques, ja que aquestes no tenen el car\u00e0cter de prestadors de serveis [&hellip;]","og_url":"https:\/\/halfmarathonmagaluf.com\/ca\/cookies\/","article_modified_time":"2024-07-12T11:30:07+00:00","og_image":[{"width":1920,"height":1080,"url":"https:\/\/i0.wp.com\/halfmarathonmagaluf.com\/wp-content\/uploads\/2024\/06\/home-hmm-slider-01.webp?fit=1920%2C1080&ssl=1","type":"image\/webp"}],"twitter_card":"summary_large_image","twitter_misc":{"Temps estimat de lectura":"5 minuts"},"schema":{"@context":"https:\/\/schema.org","@graph":[{"@type":"WebPage","@id":"https:\/\/halfmarathonmagaluf.com\/ca\/cookies\/","url":"https:\/\/halfmarathonmagaluf.com\/ca\/cookies\/","name":"Cookies - mitja marat\u00f3 Magaluf (Mallorca)","isPartOf":{"@id":"https:\/\/halfmarathonmagaluf.com\/ca\/#website"},"datePublished":"2024-07-05T10:28:33+00:00","dateModified":"2024-07-12T11:30:07+00:00","breadcrumb":{"@id":"https:\/\/halfmarathonmagaluf.com\/ca\/cookies\/#breadcrumb"},"inLanguage":"ca","potentialAction":[{"@type":"ReadAction","target":["https:\/\/halfmarathonmagaluf.com\/ca\/cookies\/"]}]},{"@type":"BreadcrumbList","@id":"https:\/\/halfmarathonmagaluf.com\/ca\/cookies\/#breadcrumb","itemListElement":[{"@type":"ListItem","position":1,"name":"Portada","item":"https:\/\/halfmarathonmagaluf.com\/ca\/"},{"@type":"ListItem","position":2,"name":"Cookies"}]},{"@type":"WebSite","@id":"https:\/\/halfmarathonmagaluf.com\/ca\/#website","url":"https:\/\/halfmarathonmagaluf.com\/ca\/","name":"Half Marathon Magaluf","description":"Half Marathon Magaluf, la mejor Media marat\u00f3n en Mallorca. Disfruta de un lugar espectacular y servicios \u00fanicos, en dos distancias 10 y 21 km","publisher":{"@id":"https:\/\/halfmarathonmagaluf.com\/ca\/#organization"},"alternateName":"Media marat\u00f3n Magaluf","potentialAction":[{"@type":"SearchAction","target":{"@type":"EntryPoint","urlTemplate":"https:\/\/halfmarathonmagaluf.com\/ca\/?s={search_term_string}"},"query-input":{"@type":"PropertyValueSpecification","valueRequired":true,"valueName":"search_term_string"}}],"inLanguage":"ca"},{"@type":"Organization","@id":"https:\/\/halfmarathonmagaluf.com\/ca\/#organization","name":"Half Marathon Magaluf","url":"https:\/\/halfmarathonmagaluf.com\/ca\/","logo":{"@type":"ImageObject","inLanguage":"ca","@id":"https:\/\/halfmarathonmagaluf.com\/ca\/#\/schema\/logo\/image\/","url":"https:\/\/i0.wp.com\/halfmarathonmagaluf.com\/wp-content\/uploads\/2024\/01\/logo-hmm-blanco-23.png?fit=463%2C388&ssl=1","contentUrl":"https:\/\/i0.wp.com\/halfmarathonmagaluf.com\/wp-content\/uploads\/2024\/01\/logo-hmm-blanco-23.png?fit=463%2C388&ssl=1","width":463,"height":388,"caption":"Half Marathon Magaluf"},"image":{"@id":"https:\/\/halfmarathonmagaluf.com\/ca\/#\/schema\/logo\/image\/"}}]}},"jetpack_likes_enabled":true,"jetpack_sharing_enabled":true,"jetpack_shortlink":"https:\/\/wp.me\/Pfql6N-g3","jetpack-related-posts":[],"_links":{"self":[{"href":"https:\/\/halfmarathonmagaluf.com\/ca\/wp-json\/wp\/v2\/pages\/995","targetHints":{"allow":["GET"]}}],"collection":[{"href":"https:\/\/halfmarathonmagaluf.com\/ca\/wp-json\/wp\/v2\/pages"}],"about":[{"href":"https:\/\/halfmarathonmagaluf.com\/ca\/wp-json\/wp\/v2\/types\/page"}],"author":[{"embeddable":true,"href":"https:\/\/halfmarathonmagaluf.com\/ca\/wp-json\/wp\/v2\/users\/235573868"}],"replies":[{"embeddable":true,"href":"https:\/\/halfmarathonmagaluf.com\/ca\/wp-json\/wp\/v2\/comments?post=995"}],"version-history":[{"count":1,"href":"https:\/\/halfmarathonmagaluf.com\/ca\/wp-json\/wp\/v2\/pages\/995\/revisions"}],"predecessor-version":[{"id":996,"href":"https:\/\/halfmarathonmagaluf.com\/ca\/wp-json\/wp\/v2\/pages\/995\/revisions\/996"}],"wp:attachment":[{"href":"https:\/\/halfmarathonmagaluf.com\/ca\/wp-json\/wp\/v2\/media?parent=995"}],"curies":[{"name":"wp","href":"https:\/\/api.w.org\/{rel}","templated":true}]}}